{"id":10592,"date":"2020-11-05T22:01:01","date_gmt":"2020-11-06T01:01:01","guid":{"rendered":"http:\/\/www.escuelahospitalidad.ar\/web\/?page_id=10592"},"modified":"2022-07-07T16:05:50","modified_gmt":"2022-07-07T19:05:50","slug":"hoteleria","status":"publish","type":"page","link":"https:\/\/www.escuelahospitalidad.ar\/web\/hoteleria\/","title":{"rendered":"Hoteler\u00eda"},"content":{"rendered":"<div class=\"wpb-content-wrapper\"><p>[vc_row full_width=&#8221;stretch_row&#8221;][vc_column][vc_row_inner css=&#8221;.vc_custom_1604622248683{margin-top: 50px !important;}&#8221;][vc_column_inner width=&#8221;1\/6&#8243;][\/vc_column_inner][vc_column_inner width=&#8221;2\/3&#8243; css=&#8221;.vc_custom_1605589704376{padding-right: 35px !important;padding-left: 35px !important;}&#8221; offset=&#8221;vc_hidden-xs&#8221;][vc_column_text]<\/p>\n<p style=\"text-align: center;\"><span style=\"color: #0034af; font-size: 35pt; font-family: roboto; font-weight: 100;\">Tecnicatura Universitaria en Hoteler\u00eda<\/span><\/p>\n<p>[\/vc_column_text][\/vc_column_inner][vc_column_inner width=&#8221;1\/6&#8243;][\/vc_column_inner][\/vc_row_inner][vc_row_inner][vc_column_inner width=&#8221;1\/6&#8243;][\/vc_column_inner][vc_column_inner width=&#8221;2\/3&#8243; css=&#8221;.vc_custom_1605589710920{padding-right: 35px !important;padding-left: 35px !important;}&#8221; offset=&#8221;vc_hidden-lg vc_hidden-md vc_hidden-sm&#8221;][vc_column_text]<\/p>\n<p style=\"text-align: center;\"><span style=\"color: #0034af; font-size: 22pt; font-family: roboto; font-weight: 100;\">Tecnicatura Universitaria en Hoteler\u00eda<\/span><\/p>\n<p>[\/vc_column_text][\/vc_column_inner][vc_column_inner width=&#8221;1\/6&#8243;][\/vc_column_inner][\/vc_row_inner][vc_row_inner][vc_column_inner width=&#8221;1\/6&#8243;][\/vc_column_inner][vc_column_inner width=&#8221;2\/3&#8243; css=&#8221;.vc_custom_1562785573963{padding-right: 35px !important;padding-left: 35px !important;}&#8221;][vc_single_image image=&#8221;13781&#8243; img_size=&#8221;full&#8221;][vc_column_text]<span style=\"font-size: 11pt; color: #333333;\">Tecnicatura aprobada por\u00a0 <a rel=\"noopener noreferrer\" href=\"https:\/\/www.escuelahospitalidad.ar\/web\/wp-content\/uploads\/2021\/12\/RESOL-2020-2424-APN-ME.pdf\" target=\"_blank\">Resoluci\u00f3n Ministerial N\u00ba 2424\/20<\/a><\/span>[\/vc_column_text][vc_wp_text el_class=&#8221;sg-popup-id-9798&#8243;]<strong>INICIO ABRIL 2023<\/strong><\/p>\n<p><span style=\"font-size: 1.3em; color: #ff258e;\"><strong>Descripci\u00f3n<\/strong><\/span><\/p>\n<p>La Tecnicatura Universitaria en Hoteler\u00eda (2 a\u00f1os y medio), tiene por objeto una formaci\u00f3n acad\u00e9mica que brinde excelencia a los egresados, y que les permita responder a la demanda de cada vez mayores competencias para el desenvolvimiento profesional en el \u00e1rea de la Hoteler\u00eda.<\/p>\n<p>Dichas competencias permitir\u00e1n al graduado trabajar en forma independiente y\/o en relaci\u00f3n de dependencia en distintos tipos de emprendimientos del rubro: hoteles de diferentes categor\u00edas, hoteles de cadena, hoteles tem\u00e1ticos, apart hoteles, hoster\u00edas y complejos de apartamentos de tipo temporal.<\/p>\n<p>El egresado de Ufasta podr\u00e1:<br \/>\n\u2022 Tener personal bajo su supervisi\u00f3n<br \/>\n\u2022 Realizar diversas funciones y actividades de organizaci\u00f3n, coordinaci\u00f3n, operaci\u00f3n y control en el servicio y atenci\u00f3n al cliente.<br \/>\n\u2022 Inferir y tomar parte activamente en la planificaci\u00f3n, e implementaci\u00f3n de proyectos.<br \/>\n\u2022 Trabajar en diferentes \u00e1reas de empresas hoteleras, contribuyendo a la optimizaci\u00f3n de procesos para lograr un efecto positivo en ventas y beneficios.<\/p>\n<p><strong>T\u00e9cnico\/a Universitario\/a en Hoteler\u00eda<\/strong><\/p>\n<p><strong>T\u00edtulo Oficial con Validez Nacional<\/strong><\/p>\n<p><span style=\"font-size: 1.3em; color: #ff258e;\"><strong>Duraci\u00f3n<\/strong><\/span><\/p>\n<p>El plan de estudio est\u00e1 organizado en dos a\u00f1os y medio.<\/p>\n<p><span style=\"font-size: 1.3em; color: #ff258e;\"><strong>Documentaci\u00f3n a presentar<\/strong><\/span><\/p>\n<p>\u2022 Fotocopia autenticada del Diploma y\/o Anal\u00edtico de Ense\u00f1anza Media, que acredite la finalizaci\u00f3n de estudios secundarios. En caso de no contar con el diploma o anal\u00edtico legalizado, constancia de t\u00edtulo en tr\u00e1mite expedida por autoridad competente del establecimiento educativo. Firmas v\u00e1lidas para autenticar fotocopia: Escribano P\u00fablico, Registro P\u00fablico de Comercio o Juzgado de Paz.<\/p>\n<p>Para rendir finales de la carrera se debe presentar la documentaci\u00f3n requerida de forma completa, sin excepci\u00f3n de tr\u00e1mites.<\/p>\n<p><span style=\"font-size: 11pt;\"><strong>INFORMACI\u00d3N IMPORTANTE.<\/strong> LES RECORDAMOS QUE SU INSCRIPCI\u00d3N SER\u00c1 CONDICIONAL HASTA TANTO ENTREGUE TODA LA DOCUMENTACI\u00d3N REQUERIDA EN LA UAA EN LA CUAL SE ENCUENTRA ADSCRIPTO Y CUMPLA CON LOS REQUISITOS EXIGIDOS POR RES.MIN DE CADA CARRERA. LA FECHA L\u00cdMITE ES EL 31 de Marzo de 2023. VENCIDO EL PLAZO, SI USTED NO HUBIERE ENTREGADO LA MISMA, LA UNIVERSIDAD LO DAR\u00c1 DE BAJA SIN M\u00c1S TR\u00c1MITE, PERDIENDO USTED EL DERECHO A RECLAMAR DEVOLUCI\u00d3N DE MATR\u00cdCULA O ARANCELES.<\/span><\/p>\n<p><span style=\"font-size: 1.3em; color: #ff258e;\"><strong>Condiciones de ingreso<\/strong><\/span><\/p>\n<p>Podr\u00e1n acceder a la carrera toda persona con t\u00edtulo secundario completo y\/o mayor de 25 a\u00f1os con t\u00edtulo primario completo (Ley 24.521)<\/p>\n<p><a name=\"aranceles\"><\/a><span style=\"font-size: 1.3em; color: #ff258e;\"><strong>Aranceles<\/strong><\/span><\/p>\n<p><em><strong>Los mismos ser\u00e1n publicados para la pr\u00f3xima apertura de inscripciones a realizarse en el mes de Octubre 2022.<\/strong><\/em><\/p>\n<p>Cada ciclo lectivo tiene 12 cuotas mensuales consecutivas.[\/vc_wp_text][vc_wp_text]<a name=\"plan-de-estudios\"><\/a><\/p>\n<span class='pum-trigger  popmake-10705  ' data-do-default=''><span style=\"color: #ff258e;font-size: 14pt;text-decoration: underline\">Plan de Estudios<\/span><\/span>\n<p><a name=\"plan-de-estudios\"><\/a>[\/vc_wp_text][vc_empty_space height=&#8221;62px&#8221;][\/vc_column_inner][vc_column_inner width=&#8221;1\/6&#8243;][\/vc_column_inner][\/vc_row_inner][\/vc_column][\/vc_row][vc_row full_width=&#8221;stretch_row&#8221; content_placement=&#8221;middle&#8221; css=&#8221;.vc_custom_1606192011649{background-color: #e5e5e5 !important;}&#8221;][vc_column width=&#8221;1\/6&#8243;][\/vc_column][vc_column width=&#8221;2\/3&#8243;][vc_row_inner][vc_column_inner offset=&#8221;vc_hidden-xs&#8221;][vc_column_text]<\/p>\n<p style=\"text-align: center;\"><span style=\"color: #003366; font-size: 1.6em; font-family: roboto; font-weight: 100;\">Complet\u00e1 el formulario y recib\u00ed m\u00e1s informaci\u00f3n<br \/>\n<\/span>[\/vc_column_text][vc_wp_text]\n<div class=\"wpcf7 no-js\" id=\"wpcf7-f11125-o1\" lang=\"en-US\" dir=\"ltr\" data-wpcf7-id=\"11125\">\n<div class=\"screen-reader-response\"><p role=\"status\" aria-live=\"polite\" aria-atomic=\"true\"><\/p> <ul><\/ul><\/div>\n<form action=\"\/web\/wp-json\/wp\/v2\/pages\/10592#wpcf7-f11125-o1\" method=\"post\" class=\"wpcf7-form init cf7-style\" aria-label=\"Contact form\" novalidate=\"novalidate\" data-status=\"init\">\n<div style=\"display: none;\">\n<input type=\"hidden\" name=\"_wpcf7\" value=\"11125\" \/>\n<input type=\"hidden\" name=\"_wpcf7_version\" value=\"6.0.6\" \/>\n<input type=\"hidden\" name=\"_wpcf7_locale\" value=\"en_US\" \/>\n<input type=\"hidden\" name=\"_wpcf7_unit_tag\" value=\"wpcf7-f11125-o1\" \/>\n<input type=\"hidden\" name=\"_wpcf7_container_post\" value=\"0\" \/>\n<input type=\"hidden\" name=\"_wpcf7_posted_data_hash\" value=\"\" \/>\n<\/div>\n<div class=\"row\">\n\t<div class=\"col-xs-12 col-md-12\">\n\t\t<div class=\"row\">\n\t\t\t<div class=\"col-xs-12 col-md-4\" style=\"margin-top:-30px;\">\n\t\t\t\t<p><span style=\"color: #003366; font-size: 0.8em; font-family: roboto; font-weight: 300;\">Carrera*<\/span><br \/>\n<span class=\"wpcf7-form-control-wrap\" data-name=\"curso\"><select class=\"wpcf7-form-control wpcf7-select wpcf7-validates-as-required\" id=\"campo-home\" aria-required=\"true\" aria-invalid=\"false\" name=\"curso\"><option value=\"TECNICATURA UNIVERSITARIA EN GASTRONOM\u00cdA\">TECNICATURA UNIVERSITARIA EN GASTRONOM\u00cdA<\/option><\/select><\/span>\n\t\t\t\t<\/p>\n\t\t\t<\/div>\n\t\t\t<div class=\"col-xs-12 col-md-4\" style=\"margin-top:-30px;\">\n\t\t\t\t<p><span style=\"color: #003366; font-size: 0.8em; font-family: roboto; font-weight: 300;\">Nombre y Apellido*<\/span><span class=\"wpcf7-form-control-wrap\" data-name=\"nombre\"><input size=\"40\" maxlength=\"400\" class=\"wpcf7-form-control wpcf7-text wpcf7-validates-as-required\" aria-required=\"true\" aria-invalid=\"false\" value=\"\" type=\"text\" name=\"nombre\" \/><\/span>\n\t\t\t\t<\/p>\n\t\t\t<\/div>\n\t\t\t<div class=\"col-xs-12 col-md-4\" style=\"margin-top:-30px;\">\n\t\t\t\t<p><span style=\"color: #003366; font-size: 0.8em; font-family: roboto; font-weight: 300;\">Email*<\/span><span class=\"wpcf7-form-control-wrap\" data-name=\"su-email\"><input size=\"40\" maxlength=\"400\" class=\"wpcf7-form-control wpcf7-email wpcf7-validates-as-required wpcf7-text wpcf7-validates-as-email\" aria-required=\"true\" aria-invalid=\"false\" value=\"\" type=\"email\" name=\"su-email\" \/><\/span>\n\t\t\t\t<\/p>\n\t\t\t<\/div>\n\t\t<\/div>\n\t\t<div class=\"row\">\n\t\t\t<div class=\"col-xs-12 col-md-3\" style=\"margin-top:-30px;\">\n\t\t\t\t<p><span style=\"color: #003366; font-size: 0.8em; font-family: roboto; font-weight: 300;\">Provincia*<\/span><span class=\"wpcf7-form-control-wrap\" data-name=\"provincia\"><select class=\"wpcf7-form-control wpcf7-select wpcf7-validates-as-required\" aria-required=\"true\" aria-invalid=\"false\" name=\"provincia\"><option value=\"Seleccione Provincia\">Seleccione Provincia<\/option><option value=\"Buenos Aires\">Buenos Aires<\/option><option value=\"CABA\">CABA<\/option><option value=\"Catamarca\">Catamarca<\/option><option value=\"Chaco\">Chaco<\/option><option value=\"Chubut\">Chubut<\/option><option value=\"C\u00f3rdoba\">C\u00f3rdoba<\/option><option value=\"Corrientes\">Corrientes<\/option><option value=\"Entre R\u00edos\">Entre R\u00edos<\/option><option value=\"Formosa\">Formosa<\/option><option value=\"Jujuy\">Jujuy<\/option><option value=\"La Pampa\">La Pampa<\/option><option value=\"La Rioja\">La Rioja<\/option><option value=\"Mendoza\">Mendoza<\/option><option value=\"Misiones\">Misiones<\/option><option value=\"Neuqu\u00e9n\">Neuqu\u00e9n<\/option><option value=\"R\u00edo Negro\">R\u00edo Negro<\/option><option value=\"Salta\">Salta<\/option><option value=\"San Juan\">San Juan<\/option><option value=\"San Luis\">San Luis<\/option><option value=\"Santa Cruz\">Santa Cruz<\/option><option value=\"Santa Fe\">Santa Fe<\/option><option value=\"Santiago del Estero\">Santiago del Estero<\/option><option value=\"Tierra del Fuego\">Tierra del Fuego<\/option><option value=\"Tucum\u00e1n\">Tucum\u00e1n<\/option><\/select><\/span>\n\t\t\t\t<\/p>\n\t\t\t<\/div>\n\t\t\t<div class=\"col-xs-12 col-md-3\" style=\"margin-top:-30px;\">\n\t\t\t\t<p><span style=\"color: #003366; font-size: 0.8em; font-family: roboto; font-weight: 300;\">Localidad*<\/span><span class=\"wpcf7-form-control-wrap\" data-name=\"localidad\"><input size=\"40\" maxlength=\"400\" class=\"wpcf7-form-control wpcf7-text wpcf7-validates-as-required\" aria-required=\"true\" aria-invalid=\"false\" value=\"\" type=\"text\" name=\"localidad\" \/><\/span>\n\t\t\t\t<\/p>\n\t\t\t<\/div>\n\t\t\t<div class=\"col-xs-12 col-md-3\" style=\"margin-top:-30px;\">\n\t\t\t\t<p><span style=\"color: #003366; font-size: 0.8em; font-family: roboto; font-weight: 300;\">C\u00f3d. de \u00c1rea Celular*<\/span><span class=\"wpcf7-form-control-wrap\" data-name=\"caracteristica_celular\"><input size=\"40\" maxlength=\"400\" class=\"wpcf7-form-control wpcf7-text wpcf7-validates-as-required\" aria-required=\"true\" aria-invalid=\"false\" placeholder=\"0\" value=\"\" type=\"text\" name=\"caracteristica_celular\" \/><\/span>\n\t\t\t\t<\/p>\n\t\t\t<\/div>\n\t\t\t<div class=\"col-xs-12 col-md-3\" style=\"margin-top:-30px;\">\n\t\t\t\t<p><span style=\"color: #003366; font-size: 0.8em; font-family: roboto; font-weight: 300;\">Celular N\u00famero*<\/span><span class=\"wpcf7-form-control-wrap\" data-name=\"numero_celular\"><input size=\"40\" maxlength=\"400\" class=\"wpcf7-form-control wpcf7-tel wpcf7-validates-as-required wpcf7-text wpcf7-validates-as-tel\" aria-required=\"true\" aria-invalid=\"false\" placeholder=\"15\" value=\"\" type=\"tel\" name=\"numero_celular\" \/><\/span>\n\t\t\t\t<\/p>\n\t\t\t<\/div>\n\t\t<\/div>\n\t<\/div>\n<\/div>\n<div class=\"row\">\n\t<div class=\"col-xs-12 col-md-12\">\n\t\t<div class=\"row\">\n\t\t\t<div class=\"col-xs-12 col-md-8\" style=\"margin-top:-30px;\">\n\t\t\t\t<p><span style=\"color: #003366; font-size: 0.8em; font-family: roboto; font-weight: 300;\">Consultas*<\/span><span class=\"wpcf7-form-control-wrap\" data-name=\"message\"><textarea cols=\"8\" rows=\"8\" maxlength=\"2000\" class=\"wpcf7-form-control wpcf7-textarea wpcf7-validates-as-required\" aria-required=\"true\" aria-invalid=\"false\" name=\"message\"><\/textarea><\/span>\n\t\t\t\t<\/p>\n\t\t\t<\/div>\n\t\t\t<div class=\"col-xs-12 col-md-4\" style=\"margin-top:-30px; margin-right:-25px\" align>\n\t\t\t\t<div class=\"heading-button\">\n\t\t\t\t\t<p><input class=\"wpcf7-form-control wpcf7-submit has-spinner\" type=\"submit\" value=\"RECIBIR INFORMACI\u00d3N\" \/>\n\t\t\t\t\t<\/p>\n\t\t\t\t<\/div>\n\t\t\t\t<div class=\"heading-button\" style=\"margin-top:-30px;\">\n\t\t\t\t\t<p><span class=\"wpcf7-form-control-wrap kc_captcha\" data-name=\"kc_captcha\"><span class=\"wpcf7-form-control wpcf7-radio\"><span class=\"captcha-image\" ><span class=\"cf7ic_instructions\">Please prove you are human by selecting the<span> key<\/span>.<\/span><label><input aria-label=\"1\" type=\"radio\" name=\"kc_captcha\" value=\"bot\" \/><svg width=\"50\" height=\"50\" aria-hidden=\"true\" role=\"img\" xmlns=\"http:\/\/www.w3.org\/2000\/svg\" viewBox=\"0 0 576 512\"><path fill=\"currentColor\" d=\"M415 24c-53 0-103 42-127 65-24-23-74-65-127-65C70 24 16 77 16 166c0 72 67 133 69 135l187 181c9 8 23 8 32 0l187-180c2-3 69-64 69-136 0-89-54-142-145-142z\"\/><\/svg><\/label><label><input aria-label=\"2\" type=\"radio\" name=\"kc_captcha\" value=\"bot\" \/><svg width=\"50\" height=\"50\" aria-hidden=\"true\" role=\"img\" xmlns=\"http:\/\/www.w3.org\/2000\/svg\" viewBox=\"0 0 640 512\"><path fill=\"currentColor\" d=\"M192 384h192c53 0 96-43 96-96h32a128 128 0 000-256H120c-13 0-24 11-24 24v232c0 53 43 96 96 96zM512 96a64 64 0 010 128h-32V96h32zm48 384H48c-47 0-61-64-36-64h584c25 0 11 64-36 64z\"\/><\/svg><\/label><label><input aria-label=\"3\" type=\"radio\" name=\"kc_captcha\" value=\"kc_human\" \/><svg width=\"50\" height=\"50\" aria-hidden=\"true\" role=\"img\" xmlns=\"http:\/\/www.w3.org\/2000\/svg\" viewBox=\"0 0 512 512\"><path fill=\"currentColor\" d=\"M512 176a176 176 0 01-209 173l-24 27a24 24 0 01-18 8h-37v40c0 13-11 24-24 24h-40v40c0 13-11 24-24 24H24c-13 0-24-11-24-24v-78c0-6 3-13 7-17l162-162a176 176 0 11343-55zm-176-48a48 48 0 1096 0 48 48 0 00-96 0z\"\/><\/svg><\/label>\r\n    <\/span>\r\n    <span style=\"display:none\">\r\n        <input type=\"text\" name=\"kc_honeypot\">\r\n    <\/span><\/span><\/span>\n\t\t\t\t\t<\/p>\n\t\t\t\t<\/div>\n\t\t\t<\/div>\n\t\t<\/div>\n\t<\/div>\n<\/div><input type='hidden' class='wpcf7-pum' value='{\"closepopup\":false,\"closedelay\":0,\"openpopup\":false,\"openpopup_id\":0}' \/><div class=\"wpcf7-response-output\" aria-hidden=\"true\"><\/div>\n<\/form>\n<\/div>\n[\/vc_wp_text][\/vc_column_inner][\/vc_row_inner][vc_row_inner][vc_column_inner offset=&#8221;vc_hidden-lg vc_hidden-md vc_hidden-sm&#8221; css=&#8221;.vc_custom_1636909886307{padding-right: 30px !important;padding-left: 30px !important;}&#8221;][vc_column_text]<\/p>\n<p style=\"text-align: center;\"><span style=\"color: #003366; font-size: 1.5em; font-family: roboto; font-weight: 100;\">Complet\u00e1 el formulario y recib\u00ed m\u00e1s informaci\u00f3n<br \/>\n<\/span>[\/vc_column_text][vc_wp_text]\n<div class=\"wpcf7 no-js\" id=\"wpcf7-f11125-o2\" lang=\"en-US\" dir=\"ltr\" data-wpcf7-id=\"11125\">\n<div class=\"screen-reader-response\"><p role=\"status\" aria-live=\"polite\" aria-atomic=\"true\"><\/p> <ul><\/ul><\/div>\n<form action=\"\/web\/wp-json\/wp\/v2\/pages\/10592#wpcf7-f11125-o2\" method=\"post\" class=\"wpcf7-form init cf7-style\" aria-label=\"Contact form\" novalidate=\"novalidate\" data-status=\"init\">\n<div style=\"display: none;\">\n<input type=\"hidden\" name=\"_wpcf7\" value=\"11125\" \/>\n<input type=\"hidden\" name=\"_wpcf7_version\" value=\"6.0.6\" \/>\n<input type=\"hidden\" name=\"_wpcf7_locale\" value=\"en_US\" \/>\n<input type=\"hidden\" name=\"_wpcf7_unit_tag\" value=\"wpcf7-f11125-o2\" \/>\n<input type=\"hidden\" name=\"_wpcf7_container_post\" value=\"0\" \/>\n<input type=\"hidden\" name=\"_wpcf7_posted_data_hash\" value=\"\" \/>\n<\/div>\n<div class=\"row\">\n\t<div class=\"col-xs-12 col-md-12\">\n\t\t<div class=\"row\">\n\t\t\t<div class=\"col-xs-12 col-md-4\" style=\"margin-top:-30px;\">\n\t\t\t\t<p><span style=\"color: #003366; font-size: 0.8em; font-family: roboto; font-weight: 300;\">Carrera*<\/span><br \/>\n<span class=\"wpcf7-form-control-wrap\" data-name=\"curso\"><select class=\"wpcf7-form-control wpcf7-select wpcf7-validates-as-required\" aria-required=\"true\" aria-invalid=\"false\" name=\"curso\"><option value=\"TECNICATURA UNIVERSITARIA EN GASTRONOM\u00cdA\">TECNICATURA UNIVERSITARIA EN GASTRONOM\u00cdA<\/option><\/select><\/span>\n\t\t\t\t<\/p>\n\t\t\t<\/div>\n\t\t\t<div class=\"col-xs-12 col-md-4\" style=\"margin-top:-30px;\">\n\t\t\t\t<p><span style=\"color: #003366; font-size: 0.8em; font-family: roboto; font-weight: 300;\">Nombre y Apellido*<\/span><span class=\"wpcf7-form-control-wrap\" data-name=\"nombre\"><input size=\"40\" maxlength=\"400\" class=\"wpcf7-form-control wpcf7-text wpcf7-validates-as-required\" aria-required=\"true\" aria-invalid=\"false\" value=\"\" type=\"text\" name=\"nombre\" \/><\/span>\n\t\t\t\t<\/p>\n\t\t\t<\/div>\n\t\t\t<div class=\"col-xs-12 col-md-4\" style=\"margin-top:-30px;\">\n\t\t\t\t<p><span style=\"color: #003366; font-size: 0.8em; font-family: roboto; font-weight: 300;\">Email*<\/span><span class=\"wpcf7-form-control-wrap\" data-name=\"su-email\"><input size=\"40\" maxlength=\"400\" class=\"wpcf7-form-control wpcf7-email wpcf7-validates-as-required wpcf7-text wpcf7-validates-as-email\" aria-required=\"true\" aria-invalid=\"false\" value=\"\" type=\"email\" name=\"su-email\" \/><\/span>\n\t\t\t\t<\/p>\n\t\t\t<\/div>\n\t\t<\/div>\n\t\t<div class=\"row\">\n\t\t\t<div class=\"col-xs-12 col-md-3\" style=\"margin-top:-30px;\">\n\t\t\t\t<p><span style=\"color: #003366; font-size: 0.8em; font-family: roboto; font-weight: 300;\">Provincia*<\/span><span class=\"wpcf7-form-control-wrap\" data-name=\"provincia\"><select class=\"wpcf7-form-control wpcf7-select wpcf7-validates-as-required\" aria-required=\"true\" aria-invalid=\"false\" name=\"provincia\"><option value=\"Seleccione Provincia\">Seleccione Provincia<\/option><option value=\"Buenos Aires\">Buenos Aires<\/option><option value=\"CABA\">CABA<\/option><option value=\"Catamarca\">Catamarca<\/option><option value=\"Chaco\">Chaco<\/option><option value=\"Chubut\">Chubut<\/option><option value=\"C\u00f3rdoba\">C\u00f3rdoba<\/option><option value=\"Corrientes\">Corrientes<\/option><option value=\"Entre R\u00edos\">Entre R\u00edos<\/option><option value=\"Formosa\">Formosa<\/option><option value=\"Jujuy\">Jujuy<\/option><option value=\"La Pampa\">La Pampa<\/option><option value=\"La Rioja\">La Rioja<\/option><option value=\"Mendoza\">Mendoza<\/option><option value=\"Misiones\">Misiones<\/option><option value=\"Neuqu\u00e9n\">Neuqu\u00e9n<\/option><option value=\"R\u00edo Negro\">R\u00edo Negro<\/option><option value=\"Salta\">Salta<\/option><option value=\"San Juan\">San Juan<\/option><option value=\"San Luis\">San Luis<\/option><option value=\"Santa Cruz\">Santa Cruz<\/option><option value=\"Santa Fe\">Santa Fe<\/option><option value=\"Santiago del Estero\">Santiago del Estero<\/option><option value=\"Tierra del Fuego\">Tierra del Fuego<\/option><option value=\"Tucum\u00e1n\">Tucum\u00e1n<\/option><\/select><\/span>\n\t\t\t\t<\/p>\n\t\t\t<\/div>\n\t\t\t<div class=\"col-xs-12 col-md-3\" style=\"margin-top:-30px;\">\n\t\t\t\t<p><span style=\"color: #003366; font-size: 0.8em; font-family: roboto; font-weight: 300;\">Localidad*<\/span><span class=\"wpcf7-form-control-wrap\" data-name=\"localidad\"><input size=\"40\" maxlength=\"400\" class=\"wpcf7-form-control wpcf7-text wpcf7-validates-as-required\" aria-required=\"true\" aria-invalid=\"false\" value=\"\" type=\"text\" name=\"localidad\" \/><\/span>\n\t\t\t\t<\/p>\n\t\t\t<\/div>\n\t\t\t<div class=\"col-xs-12 col-md-3\" style=\"margin-top:-30px;\">\n\t\t\t\t<p><span style=\"color: #003366; font-size: 0.8em; font-family: roboto; font-weight: 300;\">C\u00f3d. de \u00c1rea Celular*<\/span><span class=\"wpcf7-form-control-wrap\" data-name=\"caracteristica_celular\"><input size=\"40\" maxlength=\"400\" class=\"wpcf7-form-control wpcf7-text wpcf7-validates-as-required\" aria-required=\"true\" aria-invalid=\"false\" placeholder=\"0\" value=\"\" type=\"text\" name=\"caracteristica_celular\" \/><\/span>\n\t\t\t\t<\/p>\n\t\t\t<\/div>\n\t\t\t<div class=\"col-xs-12 col-md-3\" style=\"margin-top:-30px;\">\n\t\t\t\t<p><span style=\"color: #003366; font-size: 0.8em; font-family: roboto; font-weight: 300;\">Celular N\u00famero*<\/span><span class=\"wpcf7-form-control-wrap\" data-name=\"numero_celular\"><input size=\"40\" maxlength=\"400\" class=\"wpcf7-form-control wpcf7-tel wpcf7-validates-as-required wpcf7-text wpcf7-validates-as-tel\" aria-required=\"true\" aria-invalid=\"false\" placeholder=\"15\" value=\"\" type=\"tel\" name=\"numero_celular\" \/><\/span>\n\t\t\t\t<\/p>\n\t\t\t<\/div>\n\t\t<\/div>\n\t<\/div>\n<\/div>\n<div class=\"row\">\n\t<div class=\"col-xs-12 col-md-12\">\n\t\t<div class=\"row\">\n\t\t\t<div class=\"col-xs-12 col-md-8\" style=\"margin-top:-30px;\">\n\t\t\t\t<p><span style=\"color: #003366; font-size: 0.8em; font-family: roboto; font-weight: 300;\">Consultas*<\/span><span class=\"wpcf7-form-control-wrap\" data-name=\"message\"><textarea cols=\"8\" rows=\"8\" maxlength=\"2000\" class=\"wpcf7-form-control wpcf7-textarea wpcf7-validates-as-required\" aria-required=\"true\" aria-invalid=\"false\" name=\"message\"><\/textarea><\/span>\n\t\t\t\t<\/p>\n\t\t\t<\/div>\n\t\t\t<div class=\"col-xs-12 col-md-4\" style=\"margin-top:-30px; margin-right:-25px\" align>\n\t\t\t\t<div class=\"heading-button\">\n\t\t\t\t\t<p><input class=\"wpcf7-form-control wpcf7-submit has-spinner\" type=\"submit\" value=\"RECIBIR INFORMACI\u00d3N\" \/>\n\t\t\t\t\t<\/p>\n\t\t\t\t<\/div>\n\t\t\t\t<div class=\"heading-button\" style=\"margin-top:-30px;\">\n\t\t\t\t\t<p><span class=\"wpcf7-form-control-wrap kc_captcha\" data-name=\"kc_captcha\"><span class=\"wpcf7-form-control wpcf7-radio\"><span class=\"captcha-image\" ><span class=\"cf7ic_instructions\">Please prove you are human by selecting the<span> star<\/span>.<\/span><label><input aria-label=\"1\" type=\"radio\" name=\"kc_captcha\" value=\"bot\" \/><svg width=\"50\" height=\"50\" aria-hidden=\"true\" role=\"img\" xmlns=\"http:\/\/www.w3.org\/2000\/svg\" viewBox=\"0 0 576 512\"><path fill=\"currentColor\" d=\"M415 24c-53 0-103 42-127 65-24-23-74-65-127-65C70 24 16 77 16 166c0 72 67 133 69 135l187 181c9 8 23 8 32 0l187-180c2-3 69-64 69-136 0-89-54-142-145-142z\"\/><\/svg><\/label><label><input aria-label=\"2\" type=\"radio\" name=\"kc_captcha\" value=\"kc_human\" \/><svg width=\"50\" height=\"50\" aria-hidden=\"true\" role=\"img\" xmlns=\"http:\/\/www.w3.org\/2000\/svg\" viewBox=\"0 0 576 512\"><path fill=\"currentColor\" d=\"M259 18l-65 132-146 22c-26 3-37 36-18 54l106 103-25 146c-5 26 23 46 46 33l131-68 131 68c23 13 51-7 46-33l-25-146 106-103c19-18 8-51-18-54l-146-22-65-132a32 32 0 00-58 0z\"\/><\/svg><\/label><label><input aria-label=\"3\" type=\"radio\" name=\"kc_captcha\" value=\"bot\" \/><svg width=\"50\" height=\"50\" aria-hidden=\"true\" role=\"img\" xmlns=\"http:\/\/www.w3.org\/2000\/svg\" viewBox=\"0 0 512 512\"><path fill=\"currentColor\" d=\"M350 99c-54 0-98-35-166-35-25 0-47 4-68 12a56 56 0 004-24C118 24 95 1 66 0a56 56 0 00-34 102v386c0 13 11 24 24 24h16c13 0 24-11 24-24v-94c28-12 64-23 114-23 54 0 98 35 166 35 48 0 86-16 122-41 9-6 14-15 14-26V96c0-23-24-39-45-29-35 16-77 32-117 32z\"\/><\/svg><\/label>\r\n    <\/span>\r\n    <span style=\"display:none\">\r\n        <input type=\"text\" name=\"kc_honeypot\">\r\n    <\/span><\/span><\/span>\n\t\t\t\t\t<\/p>\n\t\t\t\t<\/div>\n\t\t\t<\/div>\n\t\t<\/div>\n\t<\/div>\n<\/div><input type='hidden' class='wpcf7-pum' value='{\"closepopup\":false,\"closedelay\":0,\"openpopup\":false,\"openpopup_id\":0}' \/><div class=\"wpcf7-response-output\" aria-hidden=\"true\"><\/div>\n<\/form>\n<\/div>\n[\/vc_wp_text][\/vc_column_inner][\/vc_row_inner][\/vc_column][vc_column width=&#8221;1\/6&#8243;][\/vc_column][\/vc_row]<\/p>\n<\/div>","protected":false},"excerpt":{"rendered":"<p>[vc_row full_width=&#8221;stretch_row&#8221;][vc_column][vc_row_inner css=&#8221;.vc_custom_1604622248683{margin-top: 50px !important;}&#8221;][vc_column_inner width=&#8221;1\/6&#8243;][\/vc_column_inner][vc_column_inner width=&#8221;2\/3&#8243; css=&#8221;.vc_custom_1605589704376{padding-right: 35px !important;padding-left: 35px !important;}&#8221; offset=&#8221;vc_hidden-xs&#8221;][vc_column_text] Tecnicatura Universitaria en Hoteler\u00eda [\/vc_column_text][\/vc_column_inner][vc_column_inner width=&#8221;1\/6&#8243;][\/vc_column_inner][\/vc_row_inner][vc_row_inner][vc_column_inner width=&#8221;1\/6&#8243;][\/vc_column_inner][vc_column_inner&#8230;<\/p>\n","protected":false},"author":2,"featured_media":0,"parent":0,"menu_order":0,"comment_status":"closed","ping_status":"closed","template":"","meta":{"_joinchat":[],"footnotes":""},"class_list":["post-10592","page","type-page","status-publish","hentry"],"_links":{"self":[{"href":"https:\/\/www.escuelahospitalidad.ar\/web\/wp-json\/wp\/v2\/pages\/10592","targetHints":{"allow":["GET"]}}],"collection":[{"href":"https:\/\/www.escuelahospitalidad.ar\/web\/wp-json\/wp\/v2\/pages"}],"about":[{"href":"https:\/\/www.escuelahospitalidad.ar\/web\/wp-json\/wp\/v2\/types\/page"}],"author":[{"embeddable":true,"href":"https:\/\/www.escuelahospitalidad.ar\/web\/wp-json\/wp\/v2\/users\/2"}],"replies":[{"embeddable":true,"href":"https:\/\/www.escuelahospitalidad.ar\/web\/wp-json\/wp\/v2\/comments?post=10592"}],"version-history":[{"count":80,"href":"https:\/\/www.escuelahospitalidad.ar\/web\/wp-json\/wp\/v2\/pages\/10592\/revisions"}],"predecessor-version":[{"id":13914,"href":"https:\/\/www.escuelahospitalidad.ar\/web\/wp-json\/wp\/v2\/pages\/10592\/revisions\/13914"}],"wp:attachment":[{"href":"https:\/\/www.escuelahospitalidad.ar\/web\/wp-json\/wp\/v2\/media?parent=10592"}],"curies":[{"name":"wp","href":"https:\/\/api.w.org\/{rel}","templated":true}]}}